{"id":30132,"date":"2024-04-19T11:49:58","date_gmt":"2024-04-19T16:49:58","guid":{"rendered":"https:\/\/www.jardinesdeesperanza.com.ec\/milagro\/?page_id=30132"},"modified":"2025-03-10T14:24:40","modified_gmt":"2025-03-10T19:24:40","slug":"clientes","status":"publish","type":"page","link":"http:\/\/154.12.232.77:4282\/milagro\/clientes\/","title":{"rendered":"Jardines de Esperanza Clientes en Milagro"},"content":{"rendered":"\t\t<div data-elementor-type=\"wp-page\" data-elementor-id=\"30132\" class=\"elementor elementor-30132\">\n\t\t\t\t\t\t\t\t\t<section class=\"elementor-section elementor-top-section elementor-element elementor-element-c5895b7 elementor-section-full_width elementor-section-height-min-height elementor-section-items-bottom elementor-section-height-default wpr-particle-no wpr-jarallax-no wpr-parallax-no wpr-sticky-section-no\" data-id=\"c5895b7\" data-element_type=\"section\" data-settings=\"{&quot;background_background&quot;:&quot;classic&quot;}\">\n\t\t\t\t\t\t<div class=\"elementor-container elementor-column-gap-no\">\n\t\t\t\t\t<div class=\"elementor-column elementor-col-100 elementor-top-column elementor-element elementor-element-4c17dec\" data-id=\"4c17dec\" data-element_type=\"column\">\n\t\t\t<div class=\"elementor-widget-wrap elementor-element-populated\">\n\t\t\t\t\t\t\t\t<div class=\"elementor-element elementor-element-a85e776 elementor-widget elementor-widget-elementskit-heading\" data-id=\"a85e776\" data-element_type=\"widget\" data-widget_type=\"elementskit-heading.default\">\n\t\t\t\t<div class=\"elementor-widget-container\">\n\t\t\t<div class=\"ekit-wid-con\" ><div class=\"ekit-heading elementskit-section-title-wraper text_left   ekit_heading_tablet-   ekit_heading_mobile-text_right\"><h3 class=\"ekit-heading--title elementskit-section-title \">\u00a1Bienvenido a nuestra  <br> secci\u00f3n de clientes!<\/h3><\/div><\/div>\t\t<\/div>\n\t\t\t\t<\/div>\n\t\t\t\t\t<\/div>\n\t\t<\/div>\n\t\t\t\t\t\t\t<\/div>\n\t\t<\/section>\n\t\t\t\t<section class=\"elementor-section elementor-top-section elementor-element elementor-element-a326933 elementor-section-boxed elementor-section-height-default elementor-section-height-default wpr-particle-no wpr-jarallax-no wpr-parallax-no wpr-sticky-section-no\" data-id=\"a326933\" data-element_type=\"section\">\n\t\t\t\t\t\t<div class=\"elementor-container elementor-column-gap-default\">\n\t\t\t\t\t<div class=\"elementor-column elementor-col-100 elementor-top-column elementor-element elementor-element-7ab02dd\" data-id=\"7ab02dd\" data-element_type=\"column\">\n\t\t\t<div class=\"elementor-widget-wrap elementor-element-populated\">\n\t\t\t\t\t\t\t\t<div class=\"elementor-element elementor-element-fcd00c1 elementor-widget elementor-widget-elementskit-heading\" data-id=\"fcd00c1\" data-element_type=\"widget\" data-widget_type=\"elementskit-heading.default\">\n\t\t\t\t<div class=\"elementor-widget-container\">\n\t\t\t<div class=\"ekit-wid-con\" ><div class=\"ekit-heading elementskit-section-title-wraper text_center   ekit_heading_tablet-   ekit_heading_mobile-\"><h1 class=\"ekit-heading--title elementskit-section-title \">Clientes<\/h1><\/div><\/div>\t\t<\/div>\n\t\t\t\t<\/div>\n\t\t\t\t<section class=\"elementor-section elementor-inner-section elementor-element elementor-element-213001d elementor-section-boxed elementor-section-height-default elementor-section-height-default wpr-particle-no wpr-jarallax-no wpr-parallax-no wpr-sticky-section-no\" data-id=\"213001d\" data-element_type=\"section\">\n\t\t\t\t\t\t<div class=\"elementor-container elementor-column-gap-default\">\n\t\t\t\t\t<div class=\"elementor-column elementor-col-100 elementor-inner-column elementor-element elementor-element-6251ea5\" data-id=\"6251ea5\" data-element_type=\"column\">\n\t\t\t<div class=\"elementor-widget-wrap elementor-element-populated\">\n\t\t\t\t\t\t\t\t<div class=\"elementor-element elementor-element-31dc48f elementor-widget elementor-widget-elementskit-heading\" data-id=\"31dc48f\" data-element_type=\"widget\" data-widget_type=\"elementskit-heading.default\">\n\t\t\t\t<div class=\"elementor-widget-container\">\n\t\t\t<div class=\"ekit-wid-con\" ><div class=\"ekit-heading elementskit-section-title-wraper text_center   ekit_heading_tablet-   ekit_heading_mobile-\">\t\t\t\t<div class='ekit-heading__description'>\n\t\t\t\t\t<p>Aqu\u00ed podr\u00e1 descargar facturas y comprobantes, adem\u00e1s de conocer las Disposiciones Reglamentarias y Pol\u00edtica de Protecci\u00f3n de Datos.<\/p>\n\t\t\t\t<\/div>\n\t\t\t<\/div><\/div>\t\t<\/div>\n\t\t\t\t<\/div>\n\t\t\t\t\t<\/div>\n\t\t<\/div>\n\t\t\t\t\t\t\t<\/div>\n\t\t<\/section>\n\t\t\t\t<div class=\"elementor-element elementor-element-599411a elementor-widget elementor-widget-elementskit-heading\" data-id=\"599411a\" data-element_type=\"widget\" data-widget_type=\"elementskit-heading.default\">\n\t\t\t\t<div class=\"elementor-widget-container\">\n\t\t\t<div class=\"ekit-wid-con\" ><div class=\"ekit-heading elementskit-section-title-wraper text_center   ekit_heading_tablet-   ekit_heading_mobile-\"><h5 class=\"ekit-heading--subtitle elementskit-section-subtitle  \">\n\t\t\t\t\t\tSeleccione la opci\u00f3n que desea consultar:\n\t\t\t\t\t<\/h5><\/div><\/div>\t\t<\/div>\n\t\t\t\t<\/div>\n\t\t\t\t<section class=\"elementor-section elementor-inner-section elementor-element elementor-element-b0d370b elementor-section-boxed elementor-section-height-default elementor-section-height-default wpr-particle-no wpr-jarallax-no wpr-parallax-no wpr-sticky-section-no\" data-id=\"b0d370b\" data-element_type=\"section\">\n\t\t\t\t\t\t<div class=\"elementor-container elementor-column-gap-default\">\n\t\t\t\t\t<div class=\"elementor-column elementor-col-33 elementor-inner-column elementor-element elementor-element-d5e62f2\" data-id=\"d5e62f2\" data-element_type=\"column\">\n\t\t\t<div class=\"elementor-widget-wrap elementor-element-populated\">\n\t\t\t\t\t\t\t\t<section data-ep-wrapper-link=\"{&quot;url&quot;:&quot;https:\\\/\\\/comprobantes.jardinesdeesperanza.com.ec\\\/&quot;,&quot;is_external&quot;:&quot;on&quot;,&quot;nofollow&quot;:&quot;&quot;,&quot;custom_attributes&quot;:&quot;&quot;}\" style=\"cursor: pointer\" class=\"bdt-element-link elementor-section elementor-inner-section elementor-element elementor-element-7539982 elementor-section-boxed elementor-section-height-default elementor-section-height-default wpr-particle-no wpr-jarallax-no wpr-parallax-no wpr-sticky-section-no\" data-id=\"7539982\" data-element_type=\"section\" data-settings=\"{&quot;background_background&quot;:&quot;classic&quot;}\">\n\t\t\t\t\t\t<div class=\"elementor-container elementor-column-gap-default\">\n\t\t\t\t\t<div class=\"elementor-column elementor-col-50 elementor-inner-column elementor-element elementor-element-7a86393\" data-id=\"7a86393\" data-element_type=\"column\" data-settings=\"{&quot;background_background&quot;:&quot;classic&quot;}\">\n\t\t\t<div class=\"elementor-widget-wrap elementor-element-populated\">\n\t\t\t\t\t\t\t\t<div class=\"elementor-element elementor-element-e602448 elementor-widget elementor-widget-image\" data-id=\"e602448\" data-element_type=\"widget\" data-widget_type=\"image.default\">\n\t\t\t\t<div class=\"elementor-widget-container\">\n\t\t\t<style>\/*! elementor - v3.12.1 - 02-04-2023 *\/\n.elementor-widget-image{text-align:center}.elementor-widget-image a{display:inline-block}.elementor-widget-image a img[src$=\".svg\"]{width:48px}.elementor-widget-image img{vertical-align:middle;display:inline-block}<\/style>\t\t\t\t\t\t\t\t\t\t\t\t<img loading=\"lazy\" decoding=\"async\" width=\"150\" height=\"150\" src=\"http:\/\/154.12.232.77:4282\/milagro\/wp-content\/uploads\/2024\/04\/CLIENTES_FACTURAS_Y_COMPROBANTES_JARDINES_DE_ESPERANZA-150x150.png\" class=\"attachment-thumbnail size-thumbnail wp-image-30175\" alt=\"\" srcset=\"http:\/\/154.12.232.77:4282\/milagro\/wp-content\/uploads\/2024\/04\/CLIENTES_FACTURAS_Y_COMPROBANTES_JARDINES_DE_ESPERANZA-150x150.png 150w, http:\/\/154.12.232.77:4282\/milagro\/wp-content\/uploads\/2024\/04\/CLIENTES_FACTURAS_Y_COMPROBANTES_JARDINES_DE_ESPERANZA-300x300.png 300w, http:\/\/154.12.232.77:4282\/milagro\/wp-content\/uploads\/2024\/04\/CLIENTES_FACTURAS_Y_COMPROBANTES_JARDINES_DE_ESPERANZA.png 512w\" sizes=\"auto, (max-width: 150px) 100vw, 150px\" \/>\t\t\t\t\t\t\t\t\t\t\t\t\t\t\t<\/div>\n\t\t\t\t<\/div>\n\t\t\t\t\t<\/div>\n\t\t<\/div>\n\t\t\t\t<div class=\"elementor-column elementor-col-50 elementor-inner-column elementor-element elementor-element-cfffd2a\" data-id=\"cfffd2a\" data-element_type=\"column\" data-settings=\"{&quot;background_background&quot;:&quot;classic&quot;}\">\n\t\t\t<div class=\"elementor-widget-wrap elementor-element-populated\">\n\t\t\t\t\t\t\t\t<div class=\"elementor-element elementor-element-2bfb7a0 elementor-widget elementor-widget-text-editor\" data-id=\"2bfb7a0\" data-element_type=\"widget\" data-widget_type=\"text-editor.default\">\n\t\t\t\t<div class=\"elementor-widget-container\">\n\t\t\t<style>\/*! elementor - v3.12.1 - 02-04-2023 *\/\n.elementor-widget-text-editor.elementor-drop-cap-view-stacked .elementor-drop-cap{background-color:#69727d;color:#fff}.elementor-widget-text-editor.elementor-drop-cap-view-framed .elementor-drop-cap{color:#69727d;border:3px solid;background-color:transparent}.elementor-widget-text-editor:not(.elementor-drop-cap-view-default) .elementor-drop-cap{margin-top:8px}.elementor-widget-text-editor:not(.elementor-drop-cap-view-default) .elementor-drop-cap-letter{width:1em;height:1em}.elementor-widget-text-editor .elementor-drop-cap{float:left;text-align:center;line-height:1;font-size:50px}.elementor-widget-text-editor .elementor-drop-cap-letter{display:inline-block}<\/style>\t\t\t\t<p>Facturas y<\/p><p>comprobantes<\/p><p>electr\u00f3nicos<\/p>\t\t\t\t\t\t<\/div>\n\t\t\t\t<\/div>\n\t\t\t\t\t<\/div>\n\t\t<\/div>\n\t\t\t\t\t\t\t<\/div>\n\t\t<\/section>\n\t\t\t\t\t<\/div>\n\t\t<\/div>\n\t\t\t\t<div class=\"elementor-column elementor-col-33 elementor-inner-column elementor-element elementor-element-9ec4c6f\" data-id=\"9ec4c6f\" data-element_type=\"column\">\n\t\t\t<div class=\"elementor-widget-wrap elementor-element-populated\">\n\t\t\t\t\t\t\t\t<section data-ep-wrapper-link=\"{&quot;url&quot;:&quot;https:\\\/\\\/www.jardinesdeesperanza.com.ec\\\/xnmldisposiciones-xnmlreglamentarias\\\/&quot;,&quot;is_external&quot;:&quot;on&quot;,&quot;nofollow&quot;:&quot;&quot;,&quot;custom_attributes&quot;:&quot;&quot;}\" style=\"cursor: pointer\" class=\"bdt-element-link elementor-section elementor-inner-section elementor-element elementor-element-9f68485 elementor-section-boxed elementor-section-height-default elementor-section-height-default wpr-particle-no wpr-jarallax-no wpr-parallax-no wpr-sticky-section-no\" data-id=\"9f68485\" data-element_type=\"section\" data-settings=\"{&quot;background_background&quot;:&quot;classic&quot;}\">\n\t\t\t\t\t\t<div class=\"elementor-container elementor-column-gap-default\">\n\t\t\t\t\t<div class=\"elementor-column elementor-col-50 elementor-inner-column elementor-element elementor-element-9bb0213\" data-id=\"9bb0213\" data-element_type=\"column\" data-settings=\"{&quot;background_background&quot;:&quot;classic&quot;}\">\n\t\t\t<div class=\"elementor-widget-wrap elementor-element-populated\">\n\t\t\t\t\t\t\t\t<div class=\"elementor-element elementor-element-77ba24e elementor-widget elementor-widget-image\" data-id=\"77ba24e\" data-element_type=\"widget\" data-widget_type=\"image.default\">\n\t\t\t\t<div class=\"elementor-widget-container\">\n\t\t\t\t\t\t\t\t\t\t\t\t\t\t\t<img loading=\"lazy\" decoding=\"async\" width=\"150\" height=\"150\" src=\"http:\/\/154.12.232.77:4282\/milagro\/wp-content\/uploads\/2024\/04\/CLIENTES_DISPOSICIONES_REGLAMENTARIAS_JARDINES_DE_ESPERANZA-150x150.png\" class=\"attachment-thumbnail size-thumbnail wp-image-30174\" alt=\"\" srcset=\"http:\/\/154.12.232.77:4282\/milagro\/wp-content\/uploads\/2024\/04\/CLIENTES_DISPOSICIONES_REGLAMENTARIAS_JARDINES_DE_ESPERANZA-150x150.png 150w, http:\/\/154.12.232.77:4282\/milagro\/wp-content\/uploads\/2024\/04\/CLIENTES_DISPOSICIONES_REGLAMENTARIAS_JARDINES_DE_ESPERANZA-300x300.png 300w, http:\/\/154.12.232.77:4282\/milagro\/wp-content\/uploads\/2024\/04\/CLIENTES_DISPOSICIONES_REGLAMENTARIAS_JARDINES_DE_ESPERANZA.png 512w\" sizes=\"auto, (max-width: 150px) 100vw, 150px\" \/>\t\t\t\t\t\t\t\t\t\t\t\t\t\t\t<\/div>\n\t\t\t\t<\/div>\n\t\t\t\t\t<\/div>\n\t\t<\/div>\n\t\t\t\t<div class=\"elementor-column elementor-col-50 elementor-inner-column elementor-element elementor-element-5626e57\" data-id=\"5626e57\" data-element_type=\"column\" data-settings=\"{&quot;background_background&quot;:&quot;classic&quot;}\">\n\t\t\t<div class=\"elementor-widget-wrap elementor-element-populated\">\n\t\t\t\t\t\t\t\t<div class=\"elementor-element elementor-element-448e86c elementor-widget elementor-widget-text-editor\" data-id=\"448e86c\" data-element_type=\"widget\" data-widget_type=\"text-editor.default\">\n\t\t\t\t<div class=\"elementor-widget-container\">\n\t\t\t\t\t\t\t<p>Disposiciones<\/p><p>Reglamentarias<\/p>\t\t\t\t\t\t<\/div>\n\t\t\t\t<\/div>\n\t\t\t\t\t<\/div>\n\t\t<\/div>\n\t\t\t\t\t\t\t<\/div>\n\t\t<\/section>\n\t\t\t\t\t<\/div>\n\t\t<\/div>\n\t\t\t\t<div class=\"elementor-column elementor-col-33 elementor-inner-column elementor-element elementor-element-f04185c\" data-id=\"f04185c\" data-element_type=\"column\">\n\t\t\t<div class=\"elementor-widget-wrap elementor-element-populated\">\n\t\t\t\t\t\t\t\t<section data-ep-wrapper-link=\"{&quot;url&quot;:&quot;https:\\\/\\\/www.jardinesdeesperanza.com.ec\\\/politicapdp-solicitudderechostitular\\\/&quot;,&quot;is_external&quot;:&quot;on&quot;,&quot;nofollow&quot;:&quot;&quot;,&quot;custom_attributes&quot;:&quot;&quot;}\" style=\"cursor: pointer\" class=\"bdt-element-link elementor-section elementor-inner-section elementor-element elementor-element-9530844 elementor-section-boxed elementor-section-height-default elementor-section-height-default wpr-particle-no wpr-jarallax-no wpr-parallax-no wpr-sticky-section-no\" data-id=\"9530844\" data-element_type=\"section\" data-settings=\"{&quot;background_background&quot;:&quot;classic&quot;}\">\n\t\t\t\t\t\t<div class=\"elementor-container elementor-column-gap-default\">\n\t\t\t\t\t<div class=\"elementor-column elementor-col-50 elementor-inner-column elementor-element elementor-element-c70d574\" data-id=\"c70d574\" data-element_type=\"column\" data-settings=\"{&quot;background_background&quot;:&quot;classic&quot;}\">\n\t\t\t<div class=\"elementor-widget-wrap elementor-element-populated\">\n\t\t\t\t\t\t\t\t<div class=\"elementor-element elementor-element-9112238 elementor-widget elementor-widget-image\" data-id=\"9112238\" data-element_type=\"widget\" data-widget_type=\"image.default\">\n\t\t\t\t<div class=\"elementor-widget-container\">\n\t\t\t\t\t\t\t\t\t\t\t\t\t\t\t<img loading=\"lazy\" decoding=\"async\" width=\"150\" height=\"150\" src=\"http:\/\/154.12.232.77:4282\/milagro\/wp-content\/uploads\/2024\/04\/CLIENTES_POLITICAS_DE_PROTECCION_DE_DATOS_JARDINES_DE_ESPERANZA-150x150.png\" class=\"attachment-thumbnail size-thumbnail wp-image-30177\" alt=\"\" srcset=\"http:\/\/154.12.232.77:4282\/milagro\/wp-content\/uploads\/2024\/04\/CLIENTES_POLITICAS_DE_PROTECCION_DE_DATOS_JARDINES_DE_ESPERANZA-150x150.png 150w, http:\/\/154.12.232.77:4282\/milagro\/wp-content\/uploads\/2024\/04\/CLIENTES_POLITICAS_DE_PROTECCION_DE_DATOS_JARDINES_DE_ESPERANZA-300x300.png 300w, http:\/\/154.12.232.77:4282\/milagro\/wp-content\/uploads\/2024\/04\/CLIENTES_POLITICAS_DE_PROTECCION_DE_DATOS_JARDINES_DE_ESPERANZA.png 512w\" sizes=\"auto, (max-width: 150px) 100vw, 150px\" \/>\t\t\t\t\t\t\t\t\t\t\t\t\t\t\t<\/div>\n\t\t\t\t<\/div>\n\t\t\t\t\t<\/div>\n\t\t<\/div>\n\t\t\t\t<div class=\"elementor-column elementor-col-50 elementor-inner-column elementor-element elementor-element-4bef9c3\" data-id=\"4bef9c3\" data-element_type=\"column\" data-settings=\"{&quot;background_background&quot;:&quot;classic&quot;}\">\n\t\t\t<div class=\"elementor-widget-wrap elementor-element-populated\">\n\t\t\t\t\t\t\t\t<div class=\"elementor-element elementor-element-7a674f4 elementor-widget elementor-widget-text-editor\" data-id=\"7a674f4\" data-element_type=\"widget\" data-widget_type=\"text-editor.default\">\n\t\t\t\t<div class=\"elementor-widget-container\">\n\t\t\t\t\t\t\t<p>Pol\u00edticas de<\/p><p>tratamientos de\u00a0<\/p><p>datos personales<\/p>\t\t\t\t\t\t<\/div>\n\t\t\t\t<\/div>\n\t\t\t\t\t<\/div>\n\t\t<\/div>\n\t\t\t\t\t\t\t<\/div>\n\t\t<\/section>\n\t\t\t\t\t<\/div>\n\t\t<\/div>\n\t\t\t\t\t\t\t<\/div>\n\t\t<\/section>\n\t\t\t\t\t<\/div>\n\t\t<\/div>\n\t\t\t\t\t\t\t<\/div>\n\t\t<\/section>\n\t\t\t\t\t\t\t<\/div>\n\t\t","protected":false},"excerpt":{"rendered":"<p>\u00a1Bienvenido a nuestra secci\u00f3n de clientes! Clientes Aqu\u00ed podr\u00e1 descargar facturas y comprobantes, adem\u00e1s de conocer las Disposiciones Reglamentarias y Pol\u00edtica de Protecci\u00f3n de Datos. Seleccione la opci\u00f3n que desea consultar: Facturas y comprobantes electr\u00f3nicos Disposiciones Reglamentarias Pol\u00edticas de tratamientos de datos personales<\/p>\n","protected":false},"author":1,"featured_media":0,"parent":0,"menu_order":0,"comment_status":"closed","ping_status":"closed","template":"template\/homepage-template.php","meta":{"footnotes":""},"class_list":["post-30132","page","type-page","status-publish","hentry"],"yoast_head":"<!-- This site is optimized with the Yoast SEO plugin v20.8 - https:\/\/yoast.com\/wordpress\/plugins\/seo\/ -->\n<title>Jardines de Esperanza Clientes en Milagro<\/title>\n<meta name=\"description\" content=\"Cementerio Jardines de Esperanza Milagro, ofrece atenci\u00f3n funeraria las 24 horas, los 365 d\u00edas del a\u00f1o. Gastos funerarios econ\u00f3micos.\" \/>\n<meta name=\"robots\" content=\"index, follow, max-snippet:-1, max-image-preview:large, max-video-preview:-1\" \/>\n<link rel=\"canonical\" href=\"http:\/\/154.12.232.77:4282\/milagro\/clientes\/\" \/>\n<meta property=\"og:locale\" content=\"es_ES\" \/>\n<meta property=\"og:type\" content=\"article\" \/>\n<meta property=\"og:title\" content=\"Jardines de Esperanza Clientes en Milagro\" \/>\n<meta property=\"og:description\" content=\"Cementerio Jardines de Esperanza Milagro, ofrece atenci\u00f3n funeraria las 24 horas, los 365 d\u00edas del a\u00f1o. Gastos funerarios econ\u00f3micos.\" \/>\n<meta property=\"og:url\" content=\"http:\/\/154.12.232.77:4282\/milagro\/clientes\/\" \/>\n<meta property=\"og:site_name\" content=\"Jardines de Esperanza Milagro\" \/>\n<meta property=\"article:publisher\" content=\"https:\/\/www.facebook.com\/jardinesdeesperanzaEC\/\" \/>\n<meta property=\"article:modified_time\" content=\"2025-03-10T19:24:40+00:00\" \/>\n<meta property=\"og:image\" content=\"https:\/\/www.jardinesdeesperanza.com.ec\/milagro\/wp-content\/uploads\/2024\/04\/CLIENTES_FACTURAS_Y_COMPROBANTES_JARDINES_DE_ESPERANZA-150x150.png\" \/>\n<meta name=\"twitter:card\" content=\"summary_large_image\" \/>\n<script type=\"application\/ld+json\" class=\"yoast-schema-graph\">{\"@context\":\"https:\/\/schema.org\",\"@graph\":[{\"@type\":\"WebPage\",\"@id\":\"http:\/\/154.12.232.77:4282\/milagro\/clientes\/\",\"url\":\"http:\/\/154.12.232.77:4282\/milagro\/clientes\/\",\"name\":\"Jardines de Esperanza Clientes en Milagro\",\"isPartOf\":{\"@id\":\"http:\/\/154.12.232.77:4282\/milagro\/#website\"},\"datePublished\":\"2024-04-19T16:49:58+00:00\",\"dateModified\":\"2025-03-10T19:24:40+00:00\",\"description\":\"Cementerio Jardines de Esperanza Milagro, ofrece atenci\u00f3n funeraria las 24 horas, los 365 d\u00edas del a\u00f1o. Gastos funerarios econ\u00f3micos.\",\"breadcrumb\":{\"@id\":\"http:\/\/154.12.232.77:4282\/milagro\/clientes\/#breadcrumb\"},\"inLanguage\":\"es\",\"potentialAction\":[{\"@type\":\"ReadAction\",\"target\":[\"http:\/\/154.12.232.77:4282\/milagro\/clientes\/\"]}]},{\"@type\":\"BreadcrumbList\",\"@id\":\"http:\/\/154.12.232.77:4282\/milagro\/clientes\/#breadcrumb\",\"itemListElement\":[{\"@type\":\"ListItem\",\"position\":1,\"name\":\"Portada\",\"item\":\"http:\/\/154.12.232.77:4282\/milagro\/\"},{\"@type\":\"ListItem\",\"position\":2,\"name\":\"Jardines de Esperanza Clientes en Milagro\"}]},{\"@type\":\"WebSite\",\"@id\":\"http:\/\/154.12.232.77:4282\/milagro\/#website\",\"url\":\"http:\/\/154.12.232.77:4282\/milagro\/\",\"name\":\"Jardines de Esperanza Milagro\",\"description\":\"Jardines de Esperanza Milagro es un parque cementerio privado de la ciudad, ofrece funerales y velorios econ\u00f3micos, adem\u00e1s de tumbas, b\u00f3vedas, nichos y lotes. Contamos con las mejores opciones en servicios funerarios para ti y toda tu familia con seguros por muerte accidental.\",\"publisher\":{\"@id\":\"http:\/\/154.12.232.77:4282\/milagro\/#organization\"},\"alternateName\":\"Cementerio y Funeraria Jardines de Esperanza Milagro\",\"potentialAction\":[{\"@type\":\"SearchAction\",\"target\":{\"@type\":\"EntryPoint\",\"urlTemplate\":\"http:\/\/154.12.232.77:4282\/milagro\/?s={search_term_string}\"},\"query-input\":\"required name=search_term_string\"}],\"inLanguage\":\"es\"},{\"@type\":\"Organization\",\"@id\":\"http:\/\/154.12.232.77:4282\/milagro\/#organization\",\"name\":\"Cementerio y Funeraria Jardines de Esperanza Milagro\",\"alternateName\":\"Cementerio Milagro\",\"url\":\"http:\/\/154.12.232.77:4282\/milagro\/\",\"logo\":{\"@type\":\"ImageObject\",\"inLanguage\":\"es\",\"@id\":\"http:\/\/154.12.232.77:4282\/milagro\/#\/schema\/logo\/image\/\",\"url\":\"https:\/\/www.jardinesdeesperanza.com.ec\/milagro\/wp-content\/uploads\/2023\/05\/JARDINES_DE_ESPERANZA_FUNERARIA_CEMENTERIO_MILAGRO_SEGURIDAD-1-1024x467.png\",\"contentUrl\":\"https:\/\/www.jardinesdeesperanza.com.ec\/milagro\/wp-content\/uploads\/2023\/05\/JARDINES_DE_ESPERANZA_FUNERARIA_CEMENTERIO_MILAGRO_SEGURIDAD-1-1024x467.png\",\"width\":1024,\"height\":467,\"caption\":\"Cementerio y Funeraria Jardines de Esperanza Milagro\"},\"image\":{\"@id\":\"http:\/\/154.12.232.77:4282\/milagro\/#\/schema\/logo\/image\/\"},\"sameAs\":[\"https:\/\/www.facebook.com\/jardinesdeesperanzaEC\/\",\"https:\/\/www.instagram.com\/jardinesdeesperanzaec\/\",\"https:\/\/ec.linkedin.com\/company\/jardines-de-esperanza\"]}]}<\/script>\n<!-- \/ Yoast SEO plugin. -->","yoast_head_json":{"title":"Jardines de Esperanza Clientes en Milagro","description":"Cementerio Jardines de Esperanza Milagro, ofrece atenci\u00f3n funeraria las 24 horas, los 365 d\u00edas del a\u00f1o. Gastos funerarios econ\u00f3micos.","robots":{"index":"index","follow":"follow","max-snippet":"max-snippet:-1","max-image-preview":"max-image-preview:large","max-video-preview":"max-video-preview:-1"},"canonical":"http:\/\/154.12.232.77:4282\/milagro\/clientes\/","og_locale":"es_ES","og_type":"article","og_title":"Jardines de Esperanza Clientes en Milagro","og_description":"Cementerio Jardines de Esperanza Milagro, ofrece atenci\u00f3n funeraria las 24 horas, los 365 d\u00edas del a\u00f1o. Gastos funerarios econ\u00f3micos.","og_url":"http:\/\/154.12.232.77:4282\/milagro\/clientes\/","og_site_name":"Jardines de Esperanza Milagro","article_publisher":"https:\/\/www.facebook.com\/jardinesdeesperanzaEC\/","article_modified_time":"2025-03-10T19:24:40+00:00","og_image":[{"url":"https:\/\/www.jardinesdeesperanza.com.ec\/milagro\/wp-content\/uploads\/2024\/04\/CLIENTES_FACTURAS_Y_COMPROBANTES_JARDINES_DE_ESPERANZA-150x150.png"}],"twitter_card":"summary_large_image","schema":{"@context":"https:\/\/schema.org","@graph":[{"@type":"WebPage","@id":"http:\/\/154.12.232.77:4282\/milagro\/clientes\/","url":"http:\/\/154.12.232.77:4282\/milagro\/clientes\/","name":"Jardines de Esperanza Clientes en Milagro","isPartOf":{"@id":"http:\/\/154.12.232.77:4282\/milagro\/#website"},"datePublished":"2024-04-19T16:49:58+00:00","dateModified":"2025-03-10T19:24:40+00:00","description":"Cementerio Jardines de Esperanza Milagro, ofrece atenci\u00f3n funeraria las 24 horas, los 365 d\u00edas del a\u00f1o. Gastos funerarios econ\u00f3micos.","breadcrumb":{"@id":"http:\/\/154.12.232.77:4282\/milagro\/clientes\/#breadcrumb"},"inLanguage":"es","potentialAction":[{"@type":"ReadAction","target":["http:\/\/154.12.232.77:4282\/milagro\/clientes\/"]}]},{"@type":"BreadcrumbList","@id":"http:\/\/154.12.232.77:4282\/milagro\/clientes\/#breadcrumb","itemListElement":[{"@type":"ListItem","position":1,"name":"Portada","item":"http:\/\/154.12.232.77:4282\/milagro\/"},{"@type":"ListItem","position":2,"name":"Jardines de Esperanza Clientes en Milagro"}]},{"@type":"WebSite","@id":"http:\/\/154.12.232.77:4282\/milagro\/#website","url":"http:\/\/154.12.232.77:4282\/milagro\/","name":"Jardines de Esperanza Milagro","description":"Jardines de Esperanza Milagro es un parque cementerio privado de la ciudad, ofrece funerales y velorios econ\u00f3micos, adem\u00e1s de tumbas, b\u00f3vedas, nichos y lotes. Contamos con las mejores opciones en servicios funerarios para ti y toda tu familia con seguros por muerte accidental.","publisher":{"@id":"http:\/\/154.12.232.77:4282\/milagro\/#organization"},"alternateName":"Cementerio y Funeraria Jardines de Esperanza Milagro","potentialAction":[{"@type":"SearchAction","target":{"@type":"EntryPoint","urlTemplate":"http:\/\/154.12.232.77:4282\/milagro\/?s={search_term_string}"},"query-input":"required name=search_term_string"}],"inLanguage":"es"},{"@type":"Organization","@id":"http:\/\/154.12.232.77:4282\/milagro\/#organization","name":"Cementerio y Funeraria Jardines de Esperanza Milagro","alternateName":"Cementerio Milagro","url":"http:\/\/154.12.232.77:4282\/milagro\/","logo":{"@type":"ImageObject","inLanguage":"es","@id":"http:\/\/154.12.232.77:4282\/milagro\/#\/schema\/logo\/image\/","url":"https:\/\/www.jardinesdeesperanza.com.ec\/milagro\/wp-content\/uploads\/2023\/05\/JARDINES_DE_ESPERANZA_FUNERARIA_CEMENTERIO_MILAGRO_SEGURIDAD-1-1024x467.png","contentUrl":"https:\/\/www.jardinesdeesperanza.com.ec\/milagro\/wp-content\/uploads\/2023\/05\/JARDINES_DE_ESPERANZA_FUNERARIA_CEMENTERIO_MILAGRO_SEGURIDAD-1-1024x467.png","width":1024,"height":467,"caption":"Cementerio y Funeraria Jardines de Esperanza Milagro"},"image":{"@id":"http:\/\/154.12.232.77:4282\/milagro\/#\/schema\/logo\/image\/"},"sameAs":["https:\/\/www.facebook.com\/jardinesdeesperanzaEC\/","https:\/\/www.instagram.com\/jardinesdeesperanzaec\/","https:\/\/ec.linkedin.com\/company\/jardines-de-esperanza"]}]}},"_links":{"self":[{"href":"http:\/\/154.12.232.77:4282\/milagro\/wp-json\/wp\/v2\/pages\/30132","targetHints":{"allow":["GET"]}}],"collection":[{"href":"http:\/\/154.12.232.77:4282\/milagro\/wp-json\/wp\/v2\/pages"}],"about":[{"href":"http:\/\/154.12.232.77:4282\/milagro\/wp-json\/wp\/v2\/types\/page"}],"author":[{"embeddable":true,"href":"http:\/\/154.12.232.77:4282\/milagro\/wp-json\/wp\/v2\/users\/1"}],"replies":[{"embeddable":true,"href":"http:\/\/154.12.232.77:4282\/milagro\/wp-json\/wp\/v2\/comments?post=30132"}],"version-history":[{"count":152,"href":"http:\/\/154.12.232.77:4282\/milagro\/wp-json\/wp\/v2\/pages\/30132\/revisions"}],"predecessor-version":[{"id":30542,"href":"http:\/\/154.12.232.77:4282\/milagro\/wp-json\/wp\/v2\/pages\/30132\/revisions\/30542"}],"wp:attachment":[{"href":"http:\/\/154.12.232.77:4282\/milagro\/wp-json\/wp\/v2\/media?parent=30132"}],"curies":[{"name":"wp","href":"https:\/\/api.w.org\/{rel}","templated":true}]}}